{"id":1077,"date":"2015-09-04T22:47:51","date_gmt":"2015-09-04T20:47:51","guid":{"rendered":"https:\/\/www.ledclusive.de\/blog\/?page_id=1077"},"modified":"2024-10-10T14:16:24","modified_gmt":"2024-10-10T12:16:24","slug":"led-laden-produktangebote","status":"publish","type":"page","link":"https:\/\/www.LEDclusive.de\/blog\/led-laden-produktangebote\/","title":{"rendered":"Unsere Produkt\u00fcbersicht im LED-Laden"},"content":{"rendered":"<h2>Wir haben uns spezialisiert &#8211; Wir sind der &#8222;LED Laden ohne Junk&#8220;<\/h2>\n<p>LEDclusive.de beliefert \u00fcber den LED-Laden sowohl Endkunden, Endverbraucher (B2C), sowie auch Hersteller von LED-Leuchten, Lichtplaner. Insbesondere ist unsere LED Lichtmesstechnik gefragt im LED-Vertrieb, bei Baubiologen, Filmindustrie und auch in der Gew\u00e4chshausbeleuchtung f\u00fcr die Analyse von Wachstumslampen.<\/p>\n<h3>LED Leuchtmittel: <a href=\"\/led-lampen-e27-278\/\">LED Lampen<\/a> (E27, E14), LED Spots (MR16, MR11)<\/h3>\n<p><a href=\"\/ledon-197\"><img loading=\"lazy\" decoding=\"async\" class=\"alignright wp-image-500\" src=\"https:\/\/www.ledclusive.de\/blog\/wp-content\/uploads\/2013\/11\/2012-07-03_LEDON_Keyvisual_10W_Wave-Design_300dpi_PRINT-800x473.jpg\" alt=\"LEDON LED Lampen im LED Laden\" width=\"256\" height=\"151\" srcset=\"https:\/\/www.ledclusive.de\/blog\/wp-content\/uploads\/2013\/11\/2012-07-03_LEDON_Keyvisual_10W_Wave-Design_300dpi_PRINT-800x473.jpg 800w, https:\/\/www.ledclusive.de\/blog\/wp-content\/uploads\/2013\/11\/2012-07-03_LEDON_Keyvisual_10W_Wave-Design_300dpi_PRINT-300x177.jpg 300w, https:\/\/www.ledclusive.de\/blog\/wp-content\/uploads\/2013\/11\/2012-07-03_LEDON_Keyvisual_10W_Wave-Design_300dpi_PRINT-768x454.jpg 768w, https:\/\/www.ledclusive.de\/blog\/wp-content\/uploads\/2013\/11\/2012-07-03_LEDON_Keyvisual_10W_Wave-Design_300dpi_PRINT-1536x908.jpg 1536w, https:\/\/www.ledclusive.de\/blog\/wp-content\/uploads\/2013\/11\/2012-07-03_LEDON_Keyvisual_10W_Wave-Design_300dpi_PRINT-2048x1210.jpg 2048w\" sizes=\"auto, (max-width: 256px) 100vw, 256px\" \/><\/a>Das sind insbesondere Retrofit-LED-Lampen mit E27, E14 sowie auch als LED-Spots wie MR16 oder MR11. Hier vertrauen wir auf den renommierten Hersteller <a href=\"\/ledon-197\">LEDON<\/a>-Lamp GmbH in \u00d6sterreich. Diese Firma wurde von Zumtobel, einem der Top-Player am LED-Markt, gegr\u00fcndet. Der Name LEDON ist allen LED Experten als Top Markenhersteller an LED Lampen bekannt. Profis vergleichen deren Qualit\u00e4tstandards mit<\/p>\n<p>denen des bekannten Autoherstellers aus Stuttgart. Insbesondere die <a href=\"\/blog\/ledon-led-produkte-5-jahre-herstellergarantie\" target=\"_blank\" rel=\"noopener noreferrer\">5 Jahre Herstellergarantie<\/a> beweisen die Zuverl\u00e4ssigkeit und Nachhaltigkeit dieser LED-Leuchtmittel. LEDON on!<\/p>\n<h3><a href=\"\/led-leuchten-171\/\">LED Leuchten<\/a><\/h3>\n<p>Bisher erfolgreich im Programm das <a href=\"\/led-rastereinbauleuchte-4000k-ledon-panel-47w-45\">LED Panel <\/a>(Rasterleuchte) der Fa. LEDON. Weitere folgen. Sie suchen etwas bestimmtes und konnten es noch nicht im LED-Laden finden? <a href=\"\/kontaktformular\">Fragen Sie uns!<\/a><\/p>\n<h3>LED Betriebsger\u00e4te (LED Konverter, <a href=\"\/led-trafo-178\/\">LED Trafo<\/a>)<\/h3>\n<p><a href=\"https:\/\/www.ledclusive.de\/LED-Treiber:::55.html\"><img loading=\"lazy\" decoding=\"async\" class=\"alignright wp-image-438\" src=\"https:\/\/www.ledclusive.de\/blog\/wp-content\/uploads\/2013\/11\/Maxi_Jolly_US.jpg\" alt=\"LED Laden mit LED Treiber Maxi Jolly\" width=\"260\" height=\"164\" srcset=\"https:\/\/www.ledclusive.de\/blog\/wp-content\/uploads\/2013\/11\/Maxi_Jolly_US.jpg 432w, https:\/\/www.ledclusive.de\/blog\/wp-content\/uploads\/2013\/11\/Maxi_Jolly_US-300x189.jpg 300w\" sizes=\"auto, (max-width: 260px) 100vw, 260px\" \/><\/a><br \/>\nKeine LED, mit Ausnahme der Hochvolt-LEDs, kommt ohne ein zus\u00e4tzliches Betriebsger\u00e4t aus. Der Betriebsstrom der LED muss kontrolliert, d.h. auf seinen zul\u00e4ssigen Wert begrenzt und somit konstant gehalten werden. LED-Betriebsger\u00e4t finden sich bei uns im LED Laden vor allem unter dem Begriff LED Treiber, aber auch LED Konverter oder LED Konstantstromquelle sind bekannte Begriffe f\u00fcr das gleiche Ger\u00e4t.<\/p>\n<p>W\u00e4hrend der LED Konverter daf\u00fcr sorgt einen konstanten Strom durch die LED treibt (Namensgebung), sind vor allem LED Spots (sog. Retrofits) mit einem internen Stromregler versehen und k\u00f6nnen so direkt an z.B. 12V, analog Niedervolt Halogen, betrieben werden. Kann der bisherige 12V Trafo nicht mehr aufgrund z.B. unterschrittener Mindestlast nicht mehr verwendet werden, so ben\u00f6tigt es im Gegensatz zum LED Konverter (=Konstant<strong>strom<\/strong>quelle) einen <a href=\"\/led-trafo-178\">LED Trafo<\/a> als Konstant<strong>spannungs<\/strong>quelle.<\/p>\n<h3><a href=\"\/dali-steuerung-271\/\">DALI Steuerung und Enocean<\/a><\/h3>\n<p>DALI versteht sich als zweiadrigen Steuerbus, der mit der Netzleitung zusammen in einem 5adrigen Kabel verlegt werden kann. Jede DALI kompatible Leuchte bzw. DALI Ger\u00e4t kann somit zentral geschalten, gedimmt werden. Unser LED Laden bietet entsprechend DALI Betriebsger\u00e4te wie <a href=\"https:\/\/www.ledclusive.de\/dali-evg-254\/\">LED DALI Treiber<\/a> zur Herstellung oder Umr\u00fcstung auf DALI.<\/p>\n<p>In Bestandsbauten ist das jedoch h\u00e4ufig nicht m\u00f6gich, da zus\u00e4tzliche Leitungen verlegt werden m\u00fcssten. Hier unterst\u00fctzen wir mit einer <a href=\"\/enocean-funk-275\/\">DALI Enocean Funk<\/a> L\u00f6sung. Durch die Verwendung eines DALI Enocean Controllers k\u00f6nnen die DALI LED Leuchten \u00fcber <a href=\"https:\/\/www.ledclusive.de\/enocean-funk-275\/\">Enocean Funk<\/a> unkompliziert installiert werden.<\/p>\n<h3><a href=\"\/dmx-controller-297\/\">DMX Controller<\/a> und <a href=\"\/dmx-controller-297\/\">Wireless DMX<\/a><\/h3>\n<p>Gegen\u00fcber dem langsamen DALI-Bus existiert ein zweites Bus-System. Dieses ist, vergleichbar mit den LAN-Leitungen, sehr schnell. Dadurch eignet sich dieses f\u00fcr Lichteffekte in Discos, B\u00fchnensteuerung usw. Hierzu kommen entsprechende <a href=\"\/dmx-controller-297\/\">DMX Controller<\/a> zur Ansteuerung der Leuchten und als Bindeglied zum PC in Anwendung.<\/p>\n<p>F\u00fcr tempor\u00e4re Veranstaltungen mit Licht eignen sich \u00dcbertragungstechniken \u00fcber Wifi, bekannt als <a href=\"\/dmx-controller-297\/\">Wireless DMX<\/a>.<\/p>\n<h3><a title=\"Lichtmessger\u00e4te\" href=\"\/lichtmessgeraete-176\/\">LED Lichtmessger\u00e4te im LED Laden<\/a><\/h3>\n<p><a href=\"https:\/\/www.ledclusive.de\/blog\/wp-content\/uploads\/2014\/03\/lp_screenshots.jpg\"><img loading=\"lazy\" decoding=\"async\" class=\"alignleft wp-image-562\" src=\"https:\/\/www.ledclusive.de\/blog\/wp-content\/uploads\/2014\/03\/lp_screenshots.jpg\" alt=\"Lichtspektrum Messwerte von LED\" width=\"226\" height=\"215\" \/><\/a><\/p>\n<p>Ohne Lichtmesstechnik tappen selbst wir als <a href=\"\/\">LED Shop<\/a> Betreiber auch bei hellsten LED Lampen im Dunkeln. Lichtqualit\u00e4t wird inzwischen \u00fcber viele lichttechnische Parameter bestimmt. So finden sich in den technischen Daten von LED Lampen und LED Leuchten Angaben zu Farbtemperatur, Farbwiedergabeindex. Weitere jedoch von Profis verwendete Parameter sind Farbort, McAdams Steps, <a href=\"https:\/\/de.wikipedia.org\/wiki\/Television_Lighting_Consistency_Index\" target=\"_blank\" rel=\"nofollow noopener noreferrer\">TLCI<\/a> (Filmindustrie), <a href=\"\/blog\/gai-gamut-area-index\" target=\"_blank\" rel=\"noopener noreferrer\">GAI<\/a> (Museen) und vor allem Photonenstromdichte f\u00fcr die Gew\u00e4chshausbelichtung.<\/p>\n<p>Dies alles l\u00e4sst sich heute einfach und unkompliziert mit z.B. einem Smartphone in Verbindung mit einem Lichtspektrometer-Sensor (mittels Bluetooth Kopplung) \u00fcberall und ohne zentrales Lichtlabor messen. So sind wir neben dem LED online Laden auch Distributor f\u00fcr DACH des bekannten <a href=\"\/asensetek-201\">Herstellers Gossen<\/a>. Viele unserer Kunden sch\u00e4tzen inzwischen das &#8222;Lichtlabor aus der Jackentasche&#8220;.<\/p>\n<p><strong>Solten Sie etwas nicht in unserem LED Laden finden &#8211; Fragen Sie uns!<br \/>\nWir wachsen mit Ihren Anfragen und Herausforderungen an uns.<\/strong><\/p>\n","protected":false},"excerpt":{"rendered":"<p>Wir haben uns spezialisiert &#8211; Wir sind der &#8222;LED Laden ohne Junk&#8220; LEDclusive.de beliefert \u00fcber den LED-Laden sowohl Endkunden, Endverbraucher (B2C), sowie auch Hersteller von LED-Leuchten, Lichtplaner. Insbesondere ist unsere LED Lichtmesstechnik gefragt im LED-Vertrieb, bei Baubiologen, Filmindustrie und auch in der Gew\u00e4chshausbeleuchtung f\u00fcr die Analyse von Wachstumslampen. LED Leuchtmittel: LED Lampen (E27, E14), LED&hellip;&nbsp;<a href=\"https:\/\/www.LEDclusive.de\/blog\/led-laden-produktangebote\/\" rel=\"bookmark\">Weiterlesen &raquo;<span class=\"screen-reader-text\">Unsere Produkt\u00fcbersicht im LED-Laden<\/span><\/a><\/p>\n","protected":false},"author":3,"featured_media":0,"parent":0,"menu_order":0,"comment_status":"closed","ping_status":"closed","template":"","meta":{"neve_meta_sidebar":"","neve_meta_container":"","neve_meta_enable_content_width":"","neve_meta_content_width":0,"neve_meta_title_alignment":"","neve_meta_author_avatar":"","neve_post_elements_order":"","neve_meta_disable_header":"","neve_meta_disable_footer":"","neve_meta_disable_title":"","cybocfi_hide_featured_image":"","iawp_total_views":257,"footnotes":"","_links_to":"","_links_to_target":""},"class_list":["post-1077","page","type-page","status-publish","hentry"],"yoast_head":"<!-- This site is optimized with the Yoast SEO plugin v27.4 - https:\/\/yoast.com\/product\/yoast-seo-wordpress\/ -->\n<title>LED Laden - Ihre Anfragen sind unsere Herausforderung<\/title>\n<meta name=\"description\" content=\"Hinter LEDclusive.de verbirgt sich ein LED Laden mit Exklusivit\u00e4t. Das bedeutet - Nicht nur ausgesuchte Produkte -Auch Ihre Fragen d\u00fcrfen exklusiv sein.\" \/>\n<meta name=\"robots\" content=\"index, follow, max-snippet:-1, max-image-preview:large, max-video-preview:-1\" \/>\n<link rel=\"canonical\" href=\"https:\/\/www.LEDclusive.de\/blog\/led-laden-produktangebote\/\" \/>\n<meta property=\"og:locale\" content=\"de_DE\" \/>\n<meta property=\"og:type\" content=\"article\" \/>\n<meta property=\"og:title\" content=\"LED Laden - Ihre Anfragen sind unsere Herausforderung\" \/>\n<meta property=\"og:description\" content=\"Hinter LEDclusive.de verbirgt sich ein LED Laden mit Exklusivit\u00e4t. Das bedeutet - Nicht nur ausgesuchte Produkte -Auch Ihre Fragen d\u00fcrfen exklusiv sein.\" \/>\n<meta property=\"og:url\" content=\"https:\/\/www.LEDclusive.de\/blog\/led-laden-produktangebote\/\" \/>\n<meta property=\"og:site_name\" content=\"LED Blog zum LED Fachhandel\" \/>\n<meta property=\"article:publisher\" content=\"https:\/\/www.facebook.com\/led.shop.LEDclusive\/\" \/>\n<meta property=\"article:modified_time\" content=\"2024-10-10T12:16:24+00:00\" \/>\n<meta property=\"og:image\" content=\"https:\/\/www.ledclusive.de\/blog\/wp-content\/uploads\/2013\/11\/2012-07-03_LEDON_Keyvisual_10W_Wave-Design_300dpi_PRINT.jpg\" \/>\n\t<meta property=\"og:image:width\" content=\"2244\" \/>\n\t<meta property=\"og:image:height\" content=\"1326\" \/>\n\t<meta property=\"og:image:type\" content=\"image\/jpeg\" \/>\n<meta name=\"twitter:card\" content=\"summary_large_image\" \/>\n<meta name=\"twitter:site\" content=\"@LED_Profi\" \/>\n<meta name=\"twitter:label1\" content=\"Gesch\u00e4tzte Lesezeit\" \/>\n\t<meta name=\"twitter:data1\" content=\"4\u00a0Minuten\" \/>\n<script type=\"application\/ld+json\" class=\"yoast-schema-graph\">{\"@context\":\"https:\\\/\\\/schema.org\",\"@graph\":[{\"@type\":\"WebPage\",\"@id\":\"https:\\\/\\\/www.LEDclusive.de\\\/blog\\\/led-laden-produktangebote\\\/\",\"url\":\"https:\\\/\\\/www.LEDclusive.de\\\/blog\\\/led-laden-produktangebote\\\/\",\"name\":\"LED Laden - Ihre Anfragen sind unsere Herausforderung\",\"isPartOf\":{\"@id\":\"https:\\\/\\\/www.LEDclusive.de\\\/blog\\\/#website\"},\"primaryImageOfPage\":{\"@id\":\"https:\\\/\\\/www.LEDclusive.de\\\/blog\\\/led-laden-produktangebote\\\/#primaryimage\"},\"image\":{\"@id\":\"https:\\\/\\\/www.LEDclusive.de\\\/blog\\\/led-laden-produktangebote\\\/#primaryimage\"},\"thumbnailUrl\":\"https:\\\/\\\/www.ledclusive.de\\\/blog\\\/wp-content\\\/uploads\\\/2013\\\/11\\\/2012-07-03_LEDON_Keyvisual_10W_Wave-Design_300dpi_PRINT-800x473.jpg\",\"datePublished\":\"2015-09-04T20:47:51+00:00\",\"dateModified\":\"2024-10-10T12:16:24+00:00\",\"description\":\"Hinter LEDclusive.de verbirgt sich ein LED Laden mit Exklusivit\u00e4t. Das bedeutet - Nicht nur ausgesuchte Produkte -Auch Ihre Fragen d\u00fcrfen exklusiv sein.\",\"breadcrumb\":{\"@id\":\"https:\\\/\\\/www.LEDclusive.de\\\/blog\\\/led-laden-produktangebote\\\/#breadcrumb\"},\"inLanguage\":\"de\",\"potentialAction\":[{\"@type\":\"ReadAction\",\"target\":[\"https:\\\/\\\/www.LEDclusive.de\\\/blog\\\/led-laden-produktangebote\\\/\"]}]},{\"@type\":\"ImageObject\",\"inLanguage\":\"de\",\"@id\":\"https:\\\/\\\/www.LEDclusive.de\\\/blog\\\/led-laden-produktangebote\\\/#primaryimage\",\"url\":\"https:\\\/\\\/www.ledclusive.de\\\/blog\\\/wp-content\\\/uploads\\\/2013\\\/11\\\/2012-07-03_LEDON_Keyvisual_10W_Wave-Design_300dpi_PRINT-800x473.jpg\",\"contentUrl\":\"https:\\\/\\\/www.ledclusive.de\\\/blog\\\/wp-content\\\/uploads\\\/2013\\\/11\\\/2012-07-03_LEDON_Keyvisual_10W_Wave-Design_300dpi_PRINT-800x473.jpg\"},{\"@type\":\"BreadcrumbList\",\"@id\":\"https:\\\/\\\/www.LEDclusive.de\\\/blog\\\/led-laden-produktangebote\\\/#breadcrumb\",\"itemListElement\":[{\"@type\":\"ListItem\",\"position\":1,\"name\":\"Startseite\",\"item\":\"https:\\\/\\\/www.LEDclusive.de\\\/blog\\\/\"},{\"@type\":\"ListItem\",\"position\":2,\"name\":\"Unsere Produkt\u00fcbersicht im LED-Laden\"}]},{\"@type\":\"WebSite\",\"@id\":\"https:\\\/\\\/www.LEDclusive.de\\\/blog\\\/#website\",\"url\":\"https:\\\/\\\/www.LEDclusive.de\\\/blog\\\/\",\"name\":\"LED Blog zum LED Fachhandel\",\"description\":\"Fachbeitr\u00e4ge rund um LED Produkte - F\u00fcr Sie ausgesucht und getestet\",\"publisher\":{\"@id\":\"https:\\\/\\\/www.LEDclusive.de\\\/blog\\\/#organization\"},\"potentialAction\":[{\"@type\":\"SearchAction\",\"target\":{\"@type\":\"EntryPoint\",\"urlTemplate\":\"https:\\\/\\\/www.LEDclusive.de\\\/blog\\\/?s={search_term_string}\"},\"query-input\":{\"@type\":\"PropertyValueSpecification\",\"valueRequired\":true,\"valueName\":\"search_term_string\"}}],\"inLanguage\":\"de\"},{\"@type\":\"Organization\",\"@id\":\"https:\\\/\\\/www.LEDclusive.de\\\/blog\\\/#organization\",\"name\":\"LEDclusive.de\",\"alternateName\":\"LEDclusive.de - LED-Shop mit Know-How\",\"url\":\"https:\\\/\\\/www.LEDclusive.de\\\/blog\\\/\",\"logo\":{\"@type\":\"ImageObject\",\"inLanguage\":\"de\",\"@id\":\"https:\\\/\\\/www.LEDclusive.de\\\/blog\\\/#\\\/schema\\\/logo\\\/image\\\/\",\"url\":\"https:\\\/\\\/www.LEDclusive.de\\\/blog\\\/wp-content\\\/uploads\\\/2021\\\/01\\\/led-shop-logo.jpg\",\"contentUrl\":\"https:\\\/\\\/www.LEDclusive.de\\\/blog\\\/wp-content\\\/uploads\\\/2021\\\/01\\\/led-shop-logo.jpg\",\"width\":213,\"height\":52,\"caption\":\"LEDclusive.de\"},\"image\":{\"@id\":\"https:\\\/\\\/www.LEDclusive.de\\\/blog\\\/#\\\/schema\\\/logo\\\/image\\\/\"},\"sameAs\":[\"https:\\\/\\\/www.facebook.com\\\/led.shop.LEDclusive\\\/\",\"https:\\\/\\\/x.com\\\/LED_Profi\",\"https:\\\/\\\/www.linkedin.com\\\/company\\\/ledclusive.de\",\"https:\\\/\\\/www.youtube.com\\\/channel\\\/UCglV4it-pBv1cOMe81cugkg\"]}]}<\/script>\n<!-- \/ Yoast SEO plugin. -->","yoast_head_json":{"title":"LED Laden - Ihre Anfragen sind unsere Herausforderung","description":"Hinter LEDclusive.de verbirgt sich ein LED Laden mit Exklusivit\u00e4t. Das bedeutet - Nicht nur ausgesuchte Produkte -Auch Ihre Fragen d\u00fcrfen exklusiv sein.","robots":{"index":"index","follow":"follow","max-snippet":"max-snippet:-1","max-image-preview":"max-image-preview:large","max-video-preview":"max-video-preview:-1"},"canonical":"https:\/\/www.LEDclusive.de\/blog\/led-laden-produktangebote\/","og_locale":"de_DE","og_type":"article","og_title":"LED Laden - Ihre Anfragen sind unsere Herausforderung","og_description":"Hinter LEDclusive.de verbirgt sich ein LED Laden mit Exklusivit\u00e4t. Das bedeutet - Nicht nur ausgesuchte Produkte -Auch Ihre Fragen d\u00fcrfen exklusiv sein.","og_url":"https:\/\/www.LEDclusive.de\/blog\/led-laden-produktangebote\/","og_site_name":"LED Blog zum LED Fachhandel","article_publisher":"https:\/\/www.facebook.com\/led.shop.LEDclusive\/","article_modified_time":"2024-10-10T12:16:24+00:00","og_image":[{"width":2244,"height":1326,"url":"https:\/\/www.ledclusive.de\/blog\/wp-content\/uploads\/2013\/11\/2012-07-03_LEDON_Keyvisual_10W_Wave-Design_300dpi_PRINT.jpg","type":"image\/jpeg"}],"twitter_card":"summary_large_image","twitter_site":"@LED_Profi","twitter_misc":{"Gesch\u00e4tzte Lesezeit":"4\u00a0Minuten"},"schema":{"@context":"https:\/\/schema.org","@graph":[{"@type":"WebPage","@id":"https:\/\/www.LEDclusive.de\/blog\/led-laden-produktangebote\/","url":"https:\/\/www.LEDclusive.de\/blog\/led-laden-produktangebote\/","name":"LED Laden - Ihre Anfragen sind unsere Herausforderung","isPartOf":{"@id":"https:\/\/www.LEDclusive.de\/blog\/#website"},"primaryImageOfPage":{"@id":"https:\/\/www.LEDclusive.de\/blog\/led-laden-produktangebote\/#primaryimage"},"image":{"@id":"https:\/\/www.LEDclusive.de\/blog\/led-laden-produktangebote\/#primaryimage"},"thumbnailUrl":"https:\/\/www.ledclusive.de\/blog\/wp-content\/uploads\/2013\/11\/2012-07-03_LEDON_Keyvisual_10W_Wave-Design_300dpi_PRINT-800x473.jpg","datePublished":"2015-09-04T20:47:51+00:00","dateModified":"2024-10-10T12:16:24+00:00","description":"Hinter LEDclusive.de verbirgt sich ein LED Laden mit Exklusivit\u00e4t. Das bedeutet - Nicht nur ausgesuchte Produkte -Auch Ihre Fragen d\u00fcrfen exklusiv sein.","breadcrumb":{"@id":"https:\/\/www.LEDclusive.de\/blog\/led-laden-produktangebote\/#breadcrumb"},"inLanguage":"de","potentialAction":[{"@type":"ReadAction","target":["https:\/\/www.LEDclusive.de\/blog\/led-laden-produktangebote\/"]}]},{"@type":"ImageObject","inLanguage":"de","@id":"https:\/\/www.LEDclusive.de\/blog\/led-laden-produktangebote\/#primaryimage","url":"https:\/\/www.ledclusive.de\/blog\/wp-content\/uploads\/2013\/11\/2012-07-03_LEDON_Keyvisual_10W_Wave-Design_300dpi_PRINT-800x473.jpg","contentUrl":"https:\/\/www.ledclusive.de\/blog\/wp-content\/uploads\/2013\/11\/2012-07-03_LEDON_Keyvisual_10W_Wave-Design_300dpi_PRINT-800x473.jpg"},{"@type":"BreadcrumbList","@id":"https:\/\/www.LEDclusive.de\/blog\/led-laden-produktangebote\/#breadcrumb","itemListElement":[{"@type":"ListItem","position":1,"name":"Startseite","item":"https:\/\/www.LEDclusive.de\/blog\/"},{"@type":"ListItem","position":2,"name":"Unsere Produkt\u00fcbersicht im LED-Laden"}]},{"@type":"WebSite","@id":"https:\/\/www.LEDclusive.de\/blog\/#website","url":"https:\/\/www.LEDclusive.de\/blog\/","name":"LED Blog zum LED Fachhandel","description":"Fachbeitr\u00e4ge rund um LED Produkte - F\u00fcr Sie ausgesucht und getestet","publisher":{"@id":"https:\/\/www.LEDclusive.de\/blog\/#organization"},"potentialAction":[{"@type":"SearchAction","target":{"@type":"EntryPoint","urlTemplate":"https:\/\/www.LEDclusive.de\/blog\/?s={search_term_string}"},"query-input":{"@type":"PropertyValueSpecification","valueRequired":true,"valueName":"search_term_string"}}],"inLanguage":"de"},{"@type":"Organization","@id":"https:\/\/www.LEDclusive.de\/blog\/#organization","name":"LEDclusive.de","alternateName":"LEDclusive.de - LED-Shop mit Know-How","url":"https:\/\/www.LEDclusive.de\/blog\/","logo":{"@type":"ImageObject","inLanguage":"de","@id":"https:\/\/www.LEDclusive.de\/blog\/#\/schema\/logo\/image\/","url":"https:\/\/www.LEDclusive.de\/blog\/wp-content\/uploads\/2021\/01\/led-shop-logo.jpg","contentUrl":"https:\/\/www.LEDclusive.de\/blog\/wp-content\/uploads\/2021\/01\/led-shop-logo.jpg","width":213,"height":52,"caption":"LEDclusive.de"},"image":{"@id":"https:\/\/www.LEDclusive.de\/blog\/#\/schema\/logo\/image\/"},"sameAs":["https:\/\/www.facebook.com\/led.shop.LEDclusive\/","https:\/\/x.com\/LED_Profi","https:\/\/www.linkedin.com\/company\/ledclusive.de","https:\/\/www.youtube.com\/channel\/UCglV4it-pBv1cOMe81cugkg"]}]}},"_links":{"self":[{"href":"https:\/\/www.LEDclusive.de\/blog\/wp-json\/wp\/v2\/pages\/1077","targetHints":{"allow":["GET"]}}],"collection":[{"href":"https:\/\/www.LEDclusive.de\/blog\/wp-json\/wp\/v2\/pages"}],"about":[{"href":"https:\/\/www.LEDclusive.de\/blog\/wp-json\/wp\/v2\/types\/page"}],"author":[{"embeddable":true,"href":"https:\/\/www.LEDclusive.de\/blog\/wp-json\/wp\/v2\/users\/3"}],"replies":[{"embeddable":true,"href":"https:\/\/www.LEDclusive.de\/blog\/wp-json\/wp\/v2\/comments?post=1077"}],"version-history":[{"count":14,"href":"https:\/\/www.LEDclusive.de\/blog\/wp-json\/wp\/v2\/pages\/1077\/revisions"}],"predecessor-version":[{"id":20281,"href":"https:\/\/www.LEDclusive.de\/blog\/wp-json\/wp\/v2\/pages\/1077\/revisions\/20281"}],"wp:attachment":[{"href":"https:\/\/www.LEDclusive.de\/blog\/wp-json\/wp\/v2\/media?parent=1077"}],"curies":[{"name":"wp","href":"https:\/\/api.w.org\/{rel}","templated":true}]}}