{"id":18230,"date":"2021-01-08T18:03:20","date_gmt":"2021-01-08T16:03:20","guid":{"rendered":"https:\/\/www.ledclusive.de\/blog\/?page_id=18230"},"modified":"2023-12-30T13:41:30","modified_gmt":"2023-12-30T11:41:30","slug":"led-wissen","status":"publish","type":"page","link":"https:\/\/www.LEDclusive.de\/blog\/led-wissen\/","title":{"rendered":"LED Wissen"},"content":{"rendered":"\n<div class=\"wp-block-columns is-layout-flex wp-container-core-columns-is-layout-9d6595d7 wp-block-columns-is-layout-flex\">\n<div class=\"wp-block-column is-layout-flow wp-block-column-is-layout-flow\" style=\"flex-basis:66.66%\">\n<h3 class=\"wp-block-heading\">LEDclusive.de &#8211; Euer LED-Shop mit Know-How<\/h3>\n\n\n\n<p>Wir haben in den letzten Jahren nicht nur deutschlandweit viele Lichtseminare und Vortr\u00e4ge rund um das Thema Lichttechnik, Lichtqualit\u00e4t und Funktionen von LED gehalten, sondern betreiben auch mehrere Blogs, Facebookseiten und seit neustem auch einen YouTube-Channel in dem wir unser Fachwissen teilen.&nbsp;<\/p>\n\n\n\n<p>Hier wollen wir einen \u00dcberblick \u00fcber die einzelnen Informationsplattformen bieten:<\/p>\n<\/div>\n\n\n\n<div class=\"wp-block-column is-layout-flow wp-block-column-is-layout-flow\" style=\"flex-basis:33.33%\">\n<figure class=\"wp-block-image size-large is-resized\"><img loading=\"lazy\" decoding=\"async\" width=\"680\" height=\"800\" src=\"https:\/\/www.LEDclusive.de\/blog\/wp-content\/uploads\/2021\/01\/boy-1454054_1280-680x800.png\" alt=\"Der LED-Experte f\u00fcr alle Fragen rund um LED\" class=\"wp-image-18323\" style=\"width:216px;height:253px\" srcset=\"https:\/\/www.ledclusive.de\/blog\/wp-content\/uploads\/2021\/01\/boy-1454054_1280-680x800.png 680w, https:\/\/www.ledclusive.de\/blog\/wp-content\/uploads\/2021\/01\/boy-1454054_1280-255x300.png 255w, https:\/\/www.ledclusive.de\/blog\/wp-content\/uploads\/2021\/01\/boy-1454054_1280-768x904.png 768w, https:\/\/www.ledclusive.de\/blog\/wp-content\/uploads\/2021\/01\/boy-1454054_1280.png 1088w\" sizes=\"auto, (max-width: 680px) 100vw, 680px\" \/><\/figure>\n<\/div>\n<\/div>\n\n\n\n<h3 class=\"wp-block-heading\">Unser LED-Shop auf Facebook<\/h3>\n\n\n\n<figure class=\"wp-block-image size-large is-resized\"><a href=\"https:\/\/www.facebook.com\/led.shop.LEDclusive\" target=\"_blank\" rel=\"noopener\"><img loading=\"lazy\" decoding=\"async\" width=\"800\" height=\"265\" src=\"https:\/\/www.LEDclusive.de\/blog\/wp-content\/uploads\/2021\/01\/Facebookseite-800x265.png\" alt=\"\" class=\"wp-image-18474\" style=\"width:645px;height:213px\" srcset=\"https:\/\/www.ledclusive.de\/blog\/wp-content\/uploads\/2021\/01\/Facebookseite-800x265.png 800w, https:\/\/www.ledclusive.de\/blog\/wp-content\/uploads\/2021\/01\/Facebookseite-300x99.png 300w, https:\/\/www.ledclusive.de\/blog\/wp-content\/uploads\/2021\/01\/Facebookseite-768x254.png 768w, https:\/\/www.ledclusive.de\/blog\/wp-content\/uploads\/2021\/01\/Facebookseite.png 822w\" sizes=\"auto, (max-width: 800px) 100vw, 800px\" \/><\/a><figcaption class=\"wp-element-caption\">Die Facebook-Seite zum Shop: Infos vom LED-Experten, Technik ist unsere Leidenschaft.<\/figcaption><\/figure>\n\n\n\n<hr class=\"wp-block-separator has-css-opacity\"\/>\n\n\n\n<h3 class=\"wp-block-heading\">Die erste LED-Gruppe auf Facebook:<\/h3>\n\n\n\n<figure class=\"wp-block-image size-large is-resized\"><a href=\"https:\/\/www.facebook.com\/groups\/ledtechnik\" target=\"_blank\" rel=\"noopener\"><img loading=\"lazy\" decoding=\"async\" width=\"800\" height=\"198\" src=\"https:\/\/www.LEDclusive.de\/blog\/wp-content\/uploads\/2021\/01\/FacebookGruppe-800x198.png\" alt=\"\" class=\"wp-image-18475\" style=\"width:640px;height:158px\" srcset=\"https:\/\/www.ledclusive.de\/blog\/wp-content\/uploads\/2021\/01\/FacebookGruppe-800x198.png 800w, https:\/\/www.ledclusive.de\/blog\/wp-content\/uploads\/2021\/01\/FacebookGruppe-300x74.png 300w, https:\/\/www.ledclusive.de\/blog\/wp-content\/uploads\/2021\/01\/FacebookGruppe-768x190.png 768w, https:\/\/www.ledclusive.de\/blog\/wp-content\/uploads\/2021\/01\/FacebookGruppe.png 866w\" sizes=\"auto, (max-width: 800px) 100vw, 800px\" \/><\/a><figcaption class=\"wp-element-caption\">Licht und Lichtsteuerung mit LED ist komplex geworden und entwickelt sich immer weiter mit steigenden Anspr\u00fcchen. T\u00e4glich erreichen uns Fragen rund um LED-Technik. Sei es zu Steuerung via DALI, LED-Betriebsarten, Flicker, Lichtmesstechnik uvm. Diese Facebook-Gruppe stellt eine Plattform zum Informationsaustausch da.<\/figcaption><\/figure>\n\n\n\n<hr class=\"wp-block-separator has-css-opacity\"\/>\n\n\n\n<h3 class=\"wp-block-heading\">LED-Wissen auf YouTube<\/h3>\n\n\n\n<figure class=\"wp-block-image size-large is-resized\"><a href=\"https:\/\/www.youtube.com\/c\/LedclusiveDeLEDShop\/videos\" target=\"_blank\" rel=\"noopener\"><img loading=\"lazy\" decoding=\"async\" width=\"800\" height=\"123\" src=\"https:\/\/www.LEDclusive.de\/blog\/wp-content\/uploads\/2021\/01\/Ledclusive-Youtube-800x123.png\" alt=\"\" class=\"wp-image-18476\" style=\"width:638px;height:98px\" srcset=\"https:\/\/www.ledclusive.de\/blog\/wp-content\/uploads\/2021\/01\/Ledclusive-Youtube-800x123.png 800w, https:\/\/www.ledclusive.de\/blog\/wp-content\/uploads\/2021\/01\/Ledclusive-Youtube-300x46.png 300w, https:\/\/www.ledclusive.de\/blog\/wp-content\/uploads\/2021\/01\/Ledclusive-Youtube-768x118.png 768w, https:\/\/www.ledclusive.de\/blog\/wp-content\/uploads\/2021\/01\/Ledclusive-Youtube.png 1036w\" sizes=\"auto, (max-width: 800px) 100vw, 800px\" \/><\/a><figcaption class=\"wp-element-caption\">Jetzt neu unser Youtube-Channel mit laufend neuen spannenden Videos f\u00fcr \u201eAha-Effekte\u201c<\/figcaption><\/figure>\n\n\n\n<hr class=\"wp-block-separator has-css-opacity\"\/>\n\n\n\n<h2 class=\"wp-block-heading\">Die LED-Gruppe auf Xing<\/h2>\n\n\n\n<figure class=\"wp-block-image size-large is-resized\"><img loading=\"lazy\" decoding=\"async\" width=\"800\" height=\"148\" src=\"https:\/\/www.LEDclusive.de\/blog\/wp-content\/uploads\/2021\/01\/xing-800x148.png\" alt=\"\" class=\"wp-image-18491\" style=\"width:636px;height:118px\" srcset=\"https:\/\/www.ledclusive.de\/blog\/wp-content\/uploads\/2021\/01\/xing-800x148.png 800w, https:\/\/www.ledclusive.de\/blog\/wp-content\/uploads\/2021\/01\/xing-300x56.png 300w, https:\/\/www.ledclusive.de\/blog\/wp-content\/uploads\/2021\/01\/xing-768x142.png 768w, https:\/\/www.ledclusive.de\/blog\/wp-content\/uploads\/2021\/01\/xing.png 1035w\" sizes=\"auto, (max-width: 800px) 100vw, 800px\" \/><figcaption class=\"wp-element-caption\">In dieser Xing-Gruppe geht es LED-Technologie und ist alles andere als &#8222;Lass es geschehen&#8220;. LED-Technologie-interessiert sind wir hier alle in dieser LED-Gruppe. Ob als Anwender, Vertriebler, Entwickler oder Hersteller. Alle m\u00f6chten wir &#8222;uptodate&#8220; sein.<\/figcaption><\/figure>\n\n\n\n<hr class=\"wp-block-separator has-css-opacity\"\/>\n\n\n\n<h4 class=\"wp-block-heading\">Unser LED-Shop mit hochwertigen LED Produkten und Messger\u00e4ten<\/h4>\n\n\n\n<figure class=\"wp-block-image size-large is-resized\"><a href=\"https:\/\/www.ledclusive.de\/\" target=\"_blank\" rel=\"noopener\"><img loading=\"lazy\" decoding=\"async\" width=\"648\" height=\"129\" src=\"https:\/\/www.LEDclusive.de\/blog\/wp-content\/uploads\/2021\/01\/LEDclusive.png\" alt=\"\" class=\"wp-image-18477\" style=\"width:623px;height:124px\" srcset=\"https:\/\/www.ledclusive.de\/blog\/wp-content\/uploads\/2021\/01\/LEDclusive.png 648w, https:\/\/www.ledclusive.de\/blog\/wp-content\/uploads\/2021\/01\/LEDclusive-300x60.png 300w\" sizes=\"auto, (max-width: 648px) 100vw, 648px\" \/><\/a><figcaption class=\"wp-element-caption\">Hochwertige LED Produkte (DALI, Casambi, Zigbee, Enocean, LED-Treiber, LED Lampen und Leuchten) f\u00fcr Industrie, Wohnraum, B\u00fcrogeb\u00e4ude uvm. Jedem das richtige Licht mit der passenden Steuerung.<\/figcaption><\/figure>\n\n\n\n<hr class=\"wp-block-separator has-css-opacity\"\/>\n\n\n\n<h3 class=\"wp-block-heading\">Unser LED Blog zum Shop<\/h3>\n\n\n\n<figure class=\"wp-block-image size-large is-resized\"><a href=\"http:\/\/www.ledclusive.de\/blog\" target=\"_blank\" rel=\"noopener\"><img loading=\"lazy\" decoding=\"async\" width=\"609\" height=\"127\" src=\"https:\/\/www.LEDclusive.de\/blog\/wp-content\/uploads\/2021\/01\/Ledclusiveblog.jpg\" alt=\"\" class=\"wp-image-18478\" style=\"width:619px;height:129px\" srcset=\"https:\/\/www.ledclusive.de\/blog\/wp-content\/uploads\/2021\/01\/Ledclusiveblog.jpg 609w, https:\/\/www.ledclusive.de\/blog\/wp-content\/uploads\/2021\/01\/Ledclusiveblog-300x63.jpg 300w\" sizes=\"auto, (max-width: 609px) 100vw, 609px\" \/><\/a><figcaption class=\"wp-element-caption\">Der LED&nbsp;<em>Blog<\/em>&nbsp;mit Fachbeitr\u00e4ge rund um LED Produkte<\/figcaption><\/figure>\n\n\n\n<hr class=\"wp-block-separator has-css-opacity\"\/>\n\n\n\n<h3 class=\"wp-block-heading\">Alles Rund um Flicker von Licht:<\/h3>\n\n\n\n<figure class=\"wp-block-image size-large is-resized\"><a href=\"https:\/\/www.licht-flicker.de\" target=\"_blank\" rel=\"noopener\"><img loading=\"lazy\" decoding=\"async\" width=\"800\" height=\"248\" src=\"https:\/\/www.LEDclusive.de\/blog\/wp-content\/uploads\/2021\/01\/Lichtflicker-800x248.jpg\" alt=\"\" class=\"wp-image-18479\" style=\"width:611px;height:189px\" srcset=\"https:\/\/www.ledclusive.de\/blog\/wp-content\/uploads\/2021\/01\/Lichtflicker-800x248.jpg 800w, https:\/\/www.ledclusive.de\/blog\/wp-content\/uploads\/2021\/01\/Lichtflicker-300x93.jpg 300w, https:\/\/www.ledclusive.de\/blog\/wp-content\/uploads\/2021\/01\/Lichtflicker-768x238.jpg 768w, https:\/\/www.ledclusive.de\/blog\/wp-content\/uploads\/2021\/01\/Lichtflicker.jpg 892w\" sizes=\"auto, (max-width: 800px) 100vw, 800px\" \/><\/a><figcaption class=\"wp-element-caption\">Unser Blog rund um das Thema Lichtflicker &#8211; Fachbeitr\u00e4ge, Messger\u00e4tebeschreibungen, flickerfreie LED-EVGs uvm.<\/figcaption><\/figure>\n\n\n\n<hr class=\"wp-block-separator has-css-opacity\"\/>\n\n\n\n<h3 class=\"wp-block-heading\">LED-Profi-Blog:<\/h3>\n\n\n\n<figure class=\"wp-block-image size-large is-resized\"><a href=\"https:\/\/www.led-profi.org\/\" target=\"_blank\" rel=\"noopener\"><img loading=\"lazy\" decoding=\"async\" width=\"800\" height=\"139\" src=\"https:\/\/www.LEDclusive.de\/blog\/wp-content\/uploads\/2021\/01\/LED-Profi-Blog-800x139.png\" alt=\"\" class=\"wp-image-18349\" style=\"width:608px;height:105px\" srcset=\"https:\/\/www.ledclusive.de\/blog\/wp-content\/uploads\/2021\/01\/LED-Profi-Blog-800x139.png 800w, https:\/\/www.ledclusive.de\/blog\/wp-content\/uploads\/2021\/01\/LED-Profi-Blog-300x52.png 300w, https:\/\/www.ledclusive.de\/blog\/wp-content\/uploads\/2021\/01\/LED-Profi-Blog-768x134.png 768w, https:\/\/www.ledclusive.de\/blog\/wp-content\/uploads\/2021\/01\/LED-Profi-Blog.png 804w\" sizes=\"auto, (max-width: 800px) 100vw, 800px\" \/><\/a><figcaption class=\"wp-element-caption\">Infos zu LED-Veranstaltungen und Seminaren und Vortr\u00e4gen, Erfahrungsberichte zu Produkten, Infos zu Lichttechnik und vielem mehr.<\/figcaption><\/figure>\n\n\n\n<hr class=\"wp-block-separator has-css-opacity\"\/>\n\n\n\n<h3 class=\"wp-block-heading\">Infos zu LED-Betriebsger\u00e4ten:<\/h3>\n\n\n\n<figure class=\"wp-block-image size-large is-resized\"><a href=\"https:\/\/www.led-treiber.org\" target=\"_blank\" rel=\"noopener\"><img loading=\"lazy\" decoding=\"async\" width=\"800\" height=\"197\" src=\"https:\/\/www.LEDclusive.de\/blog\/wp-content\/uploads\/2021\/01\/cropped-led-driver-treiber-konverter-trafo-banner-800x197.png\" alt=\"\" class=\"wp-image-18344\" style=\"width:590px;height:145px\" srcset=\"https:\/\/www.ledclusive.de\/blog\/wp-content\/uploads\/2021\/01\/cropped-led-driver-treiber-konverter-trafo-banner-800x197.png 800w, https:\/\/www.ledclusive.de\/blog\/wp-content\/uploads\/2021\/01\/cropped-led-driver-treiber-konverter-trafo-banner-300x74.png 300w, https:\/\/www.ledclusive.de\/blog\/wp-content\/uploads\/2021\/01\/cropped-led-driver-treiber-konverter-trafo-banner-768x189.png 768w, https:\/\/www.ledclusive.de\/blog\/wp-content\/uploads\/2021\/01\/cropped-led-driver-treiber-konverter-trafo-banner.png 1082w\" sizes=\"auto, (max-width: 800px) 100vw, 800px\" \/><\/a><figcaption class=\"wp-element-caption\">Wissenswertes zu&nbsp;<em>LED Treiber<\/em>&nbsp;und&nbsp;<em>LED<\/em>&nbsp;Trafos oder Hilfe bei der Produktauswahl beispielsweise mit der TCI-Auswahltabelle.<br>Au\u00dferdem erkl\u00e4rt ein Glossar wichtige Begriffe.<\/figcaption><\/figure>\n\n\n\n<hr class=\"wp-block-separator has-css-opacity\"\/>\n\n\n\n<h3 class=\"wp-block-heading\">Infos zu den Lichtspektrometer von Asensetek:<\/h3>\n\n\n\n<figure class=\"wp-block-image size-large is-resized\"><a href=\"https:\/\/www.lightingpassport.de\" target=\"_blank\" rel=\"noopener\"><img loading=\"lazy\" decoding=\"async\" width=\"800\" height=\"215\" src=\"https:\/\/www.LEDclusive.de\/blog\/wp-content\/uploads\/2021\/01\/header_lighting_passport_spektrometer41-800x215.jpg\" alt=\"\" class=\"wp-image-18345\" style=\"width:584px;height:157px\" srcset=\"https:\/\/www.ledclusive.de\/blog\/wp-content\/uploads\/2021\/01\/header_lighting_passport_spektrometer41-800x215.jpg 800w, https:\/\/www.ledclusive.de\/blog\/wp-content\/uploads\/2021\/01\/header_lighting_passport_spektrometer41-300x81.jpg 300w, https:\/\/www.ledclusive.de\/blog\/wp-content\/uploads\/2021\/01\/header_lighting_passport_spektrometer41-768x206.jpg 768w, https:\/\/www.ledclusive.de\/blog\/wp-content\/uploads\/2021\/01\/header_lighting_passport_spektrometer41.jpg 1110w\" sizes=\"auto, (max-width: 800px) 100vw, 800px\" \/><\/a><figcaption class=\"wp-element-caption\">Mit dem Lighting Passport entwickelte Asensetek ein Smart Spektrometer f\u00fcr die Jackentasche, <br>welches via Bluetooth schnell und einfach mit dem Smartphone oder Tablet verbunden werden kann.<\/figcaption><\/figure>\n\n\n\n<hr class=\"wp-block-separator has-css-opacity\"\/>\n\n\n","protected":false},"excerpt":{"rendered":"<p>LEDclusive.de &#8211; Euer LED-Shop mit Know-How Wir haben in den letzten Jahren nicht nur deutschlandweit viele Lichtseminare und Vortr\u00e4ge rund um das Thema Lichttechnik, Lichtqualit\u00e4t und Funktionen von LED gehalten, sondern betreiben auch mehrere Blogs, Facebookseiten und seit neustem auch einen YouTube-Channel in dem wir unser Fachwissen teilen.&nbsp; Hier wollen wir einen \u00dcberblick \u00fcber die&hellip;&nbsp;<a href=\"https:\/\/www.LEDclusive.de\/blog\/led-wissen\/\" rel=\"bookmark\">Weiterlesen &raquo;<span class=\"screen-reader-text\">LED Wissen<\/span><\/a><\/p>\n","protected":false},"author":2,"featured_media":0,"parent":0,"menu_order":0,"comment_status":"closed","ping_status":"closed","template":"","meta":{"neve_meta_sidebar":"full-width","neve_meta_container":"default","neve_meta_enable_content_width":"on","neve_meta_content_width":100,"neve_meta_title_alignment":"","neve_meta_author_avatar":"","neve_post_elements_order":"","neve_meta_disable_header":"","neve_meta_disable_footer":"","neve_meta_disable_title":"","cybocfi_hide_featured_image":"","iawp_total_views":26,"footnotes":"","_links_to":"","_links_to_target":""},"class_list":["post-18230","page","type-page","status-publish","hentry"],"yoast_head":"<!-- This site is optimized with the Yoast SEO plugin v27.5 - https:\/\/yoast.com\/product\/yoast-seo-wordpress\/ -->\n<title>LED Wissen<\/title>\n<meta name=\"description\" content=\"LEDclusive.de - Euer LED-Shop mit Know-How Wir haben in den letzten Jahren nicht nur deutschlandweit viele Lichtseminare und Vortr\u00e4ge rund um das Thema\" \/>\n<meta name=\"robots\" content=\"index, follow, max-snippet:-1, max-image-preview:large, max-video-preview:-1\" \/>\n<link rel=\"canonical\" href=\"https:\/\/www.LEDclusive.de\/blog\/led-wissen\/\" \/>\n<meta property=\"og:locale\" content=\"de_DE\" \/>\n<meta property=\"og:type\" content=\"article\" \/>\n<meta property=\"og:title\" content=\"LED Wissen\" \/>\n<meta property=\"og:description\" content=\"LEDclusive.de - Euer LED-Shop mit Know-How Wir haben in den letzten Jahren nicht nur deutschlandweit viele Lichtseminare und Vortr\u00e4ge rund um das Thema\" \/>\n<meta property=\"og:url\" content=\"https:\/\/www.LEDclusive.de\/blog\/led-wissen\/\" \/>\n<meta property=\"og:site_name\" content=\"LED Blog zum LED Fachhandel\" \/>\n<meta property=\"article:publisher\" content=\"https:\/\/www.facebook.com\/led.shop.LEDclusive\/\" \/>\n<meta property=\"article:modified_time\" content=\"2023-12-30T11:41:30+00:00\" \/>\n<meta property=\"og:image\" content=\"https:\/\/www.LEDclusive.de\/blog\/wp-content\/uploads\/2021\/01\/boy-1454054_1280-680x800.png\" \/>\n<meta name=\"twitter:card\" content=\"summary_large_image\" \/>\n<meta name=\"twitter:site\" content=\"@LED_Profi\" \/>\n<meta name=\"twitter:label1\" content=\"Gesch\u00e4tzte Lesezeit\" \/>\n\t<meta name=\"twitter:data1\" content=\"4\u00a0Minuten\" \/>\n<script type=\"application\/ld+json\" class=\"yoast-schema-graph\">{\"@context\":\"https:\\\/\\\/schema.org\",\"@graph\":[{\"@type\":\"WebPage\",\"@id\":\"https:\\\/\\\/www.LEDclusive.de\\\/blog\\\/led-wissen\\\/\",\"url\":\"https:\\\/\\\/www.LEDclusive.de\\\/blog\\\/led-wissen\\\/\",\"name\":\"LED Wissen\",\"isPartOf\":{\"@id\":\"https:\\\/\\\/www.LEDclusive.de\\\/blog\\\/#website\"},\"primaryImageOfPage\":{\"@id\":\"https:\\\/\\\/www.LEDclusive.de\\\/blog\\\/led-wissen\\\/#primaryimage\"},\"image\":{\"@id\":\"https:\\\/\\\/www.LEDclusive.de\\\/blog\\\/led-wissen\\\/#primaryimage\"},\"thumbnailUrl\":\"https:\\\/\\\/www.LEDclusive.de\\\/blog\\\/wp-content\\\/uploads\\\/2021\\\/01\\\/boy-1454054_1280-680x800.png\",\"datePublished\":\"2021-01-08T16:03:20+00:00\",\"dateModified\":\"2023-12-30T11:41:30+00:00\",\"description\":\"LEDclusive.de - Euer LED-Shop mit Know-How Wir haben in den letzten Jahren nicht nur deutschlandweit viele Lichtseminare und Vortr\u00e4ge rund um das Thema\",\"breadcrumb\":{\"@id\":\"https:\\\/\\\/www.LEDclusive.de\\\/blog\\\/led-wissen\\\/#breadcrumb\"},\"inLanguage\":\"de\",\"potentialAction\":[{\"@type\":\"ReadAction\",\"target\":[\"https:\\\/\\\/www.LEDclusive.de\\\/blog\\\/led-wissen\\\/\"]}]},{\"@type\":\"ImageObject\",\"inLanguage\":\"de\",\"@id\":\"https:\\\/\\\/www.LEDclusive.de\\\/blog\\\/led-wissen\\\/#primaryimage\",\"url\":\"https:\\\/\\\/www.LEDclusive.de\\\/blog\\\/wp-content\\\/uploads\\\/2021\\\/01\\\/boy-1454054_1280-680x800.png\",\"contentUrl\":\"https:\\\/\\\/www.LEDclusive.de\\\/blog\\\/wp-content\\\/uploads\\\/2021\\\/01\\\/boy-1454054_1280-680x800.png\"},{\"@type\":\"BreadcrumbList\",\"@id\":\"https:\\\/\\\/www.LEDclusive.de\\\/blog\\\/led-wissen\\\/#breadcrumb\",\"itemListElement\":[{\"@type\":\"ListItem\",\"position\":1,\"name\":\"Startseite\",\"item\":\"https:\\\/\\\/www.LEDclusive.de\\\/blog\\\/\"},{\"@type\":\"ListItem\",\"position\":2,\"name\":\"LED Wissen\"}]},{\"@type\":\"WebSite\",\"@id\":\"https:\\\/\\\/www.LEDclusive.de\\\/blog\\\/#website\",\"url\":\"https:\\\/\\\/www.LEDclusive.de\\\/blog\\\/\",\"name\":\"LED Blog zum LED Fachhandel\",\"description\":\"Fachbeitr\u00e4ge rund um LED Produkte - F\u00fcr Sie ausgesucht und getestet\",\"publisher\":{\"@id\":\"https:\\\/\\\/www.LEDclusive.de\\\/blog\\\/#organization\"},\"potentialAction\":[{\"@type\":\"SearchAction\",\"target\":{\"@type\":\"EntryPoint\",\"urlTemplate\":\"https:\\\/\\\/www.LEDclusive.de\\\/blog\\\/?s={search_term_string}\"},\"query-input\":{\"@type\":\"PropertyValueSpecification\",\"valueRequired\":true,\"valueName\":\"search_term_string\"}}],\"inLanguage\":\"de\"},{\"@type\":\"Organization\",\"@id\":\"https:\\\/\\\/www.LEDclusive.de\\\/blog\\\/#organization\",\"name\":\"LEDclusive.de\",\"alternateName\":\"LEDclusive.de - LED-Shop mit Know-How\",\"url\":\"https:\\\/\\\/www.LEDclusive.de\\\/blog\\\/\",\"logo\":{\"@type\":\"ImageObject\",\"inLanguage\":\"de\",\"@id\":\"https:\\\/\\\/www.LEDclusive.de\\\/blog\\\/#\\\/schema\\\/logo\\\/image\\\/\",\"url\":\"https:\\\/\\\/www.LEDclusive.de\\\/blog\\\/wp-content\\\/uploads\\\/2021\\\/01\\\/led-shop-logo.jpg\",\"contentUrl\":\"https:\\\/\\\/www.LEDclusive.de\\\/blog\\\/wp-content\\\/uploads\\\/2021\\\/01\\\/led-shop-logo.jpg\",\"width\":213,\"height\":52,\"caption\":\"LEDclusive.de\"},\"image\":{\"@id\":\"https:\\\/\\\/www.LEDclusive.de\\\/blog\\\/#\\\/schema\\\/logo\\\/image\\\/\"},\"sameAs\":[\"https:\\\/\\\/www.facebook.com\\\/led.shop.LEDclusive\\\/\",\"https:\\\/\\\/x.com\\\/LED_Profi\",\"https:\\\/\\\/www.linkedin.com\\\/company\\\/ledclusive.de\",\"https:\\\/\\\/www.youtube.com\\\/channel\\\/UCglV4it-pBv1cOMe81cugkg\"]}]}<\/script>\n<!-- \/ Yoast SEO plugin. -->","yoast_head_json":{"title":"LED Wissen","description":"LEDclusive.de - Euer LED-Shop mit Know-How Wir haben in den letzten Jahren nicht nur deutschlandweit viele Lichtseminare und Vortr\u00e4ge rund um das Thema","robots":{"index":"index","follow":"follow","max-snippet":"max-snippet:-1","max-image-preview":"max-image-preview:large","max-video-preview":"max-video-preview:-1"},"canonical":"https:\/\/www.LEDclusive.de\/blog\/led-wissen\/","og_locale":"de_DE","og_type":"article","og_title":"LED Wissen","og_description":"LEDclusive.de - Euer LED-Shop mit Know-How Wir haben in den letzten Jahren nicht nur deutschlandweit viele Lichtseminare und Vortr\u00e4ge rund um das Thema","og_url":"https:\/\/www.LEDclusive.de\/blog\/led-wissen\/","og_site_name":"LED Blog zum LED Fachhandel","article_publisher":"https:\/\/www.facebook.com\/led.shop.LEDclusive\/","article_modified_time":"2023-12-30T11:41:30+00:00","og_image":[{"url":"https:\/\/www.LEDclusive.de\/blog\/wp-content\/uploads\/2021\/01\/boy-1454054_1280-680x800.png","type":"","width":"","height":""}],"twitter_card":"summary_large_image","twitter_site":"@LED_Profi","twitter_misc":{"Gesch\u00e4tzte Lesezeit":"4\u00a0Minuten"},"schema":{"@context":"https:\/\/schema.org","@graph":[{"@type":"WebPage","@id":"https:\/\/www.LEDclusive.de\/blog\/led-wissen\/","url":"https:\/\/www.LEDclusive.de\/blog\/led-wissen\/","name":"LED Wissen","isPartOf":{"@id":"https:\/\/www.LEDclusive.de\/blog\/#website"},"primaryImageOfPage":{"@id":"https:\/\/www.LEDclusive.de\/blog\/led-wissen\/#primaryimage"},"image":{"@id":"https:\/\/www.LEDclusive.de\/blog\/led-wissen\/#primaryimage"},"thumbnailUrl":"https:\/\/www.LEDclusive.de\/blog\/wp-content\/uploads\/2021\/01\/boy-1454054_1280-680x800.png","datePublished":"2021-01-08T16:03:20+00:00","dateModified":"2023-12-30T11:41:30+00:00","description":"LEDclusive.de - Euer LED-Shop mit Know-How Wir haben in den letzten Jahren nicht nur deutschlandweit viele Lichtseminare und Vortr\u00e4ge rund um das Thema","breadcrumb":{"@id":"https:\/\/www.LEDclusive.de\/blog\/led-wissen\/#breadcrumb"},"inLanguage":"de","potentialAction":[{"@type":"ReadAction","target":["https:\/\/www.LEDclusive.de\/blog\/led-wissen\/"]}]},{"@type":"ImageObject","inLanguage":"de","@id":"https:\/\/www.LEDclusive.de\/blog\/led-wissen\/#primaryimage","url":"https:\/\/www.LEDclusive.de\/blog\/wp-content\/uploads\/2021\/01\/boy-1454054_1280-680x800.png","contentUrl":"https:\/\/www.LEDclusive.de\/blog\/wp-content\/uploads\/2021\/01\/boy-1454054_1280-680x800.png"},{"@type":"BreadcrumbList","@id":"https:\/\/www.LEDclusive.de\/blog\/led-wissen\/#breadcrumb","itemListElement":[{"@type":"ListItem","position":1,"name":"Startseite","item":"https:\/\/www.LEDclusive.de\/blog\/"},{"@type":"ListItem","position":2,"name":"LED Wissen"}]},{"@type":"WebSite","@id":"https:\/\/www.LEDclusive.de\/blog\/#website","url":"https:\/\/www.LEDclusive.de\/blog\/","name":"LED Blog zum LED Fachhandel","description":"Fachbeitr\u00e4ge rund um LED Produkte - F\u00fcr Sie ausgesucht und getestet","publisher":{"@id":"https:\/\/www.LEDclusive.de\/blog\/#organization"},"potentialAction":[{"@type":"SearchAction","target":{"@type":"EntryPoint","urlTemplate":"https:\/\/www.LEDclusive.de\/blog\/?s={search_term_string}"},"query-input":{"@type":"PropertyValueSpecification","valueRequired":true,"valueName":"search_term_string"}}],"inLanguage":"de"},{"@type":"Organization","@id":"https:\/\/www.LEDclusive.de\/blog\/#organization","name":"LEDclusive.de","alternateName":"LEDclusive.de - LED-Shop mit Know-How","url":"https:\/\/www.LEDclusive.de\/blog\/","logo":{"@type":"ImageObject","inLanguage":"de","@id":"https:\/\/www.LEDclusive.de\/blog\/#\/schema\/logo\/image\/","url":"https:\/\/www.LEDclusive.de\/blog\/wp-content\/uploads\/2021\/01\/led-shop-logo.jpg","contentUrl":"https:\/\/www.LEDclusive.de\/blog\/wp-content\/uploads\/2021\/01\/led-shop-logo.jpg","width":213,"height":52,"caption":"LEDclusive.de"},"image":{"@id":"https:\/\/www.LEDclusive.de\/blog\/#\/schema\/logo\/image\/"},"sameAs":["https:\/\/www.facebook.com\/led.shop.LEDclusive\/","https:\/\/x.com\/LED_Profi","https:\/\/www.linkedin.com\/company\/ledclusive.de","https:\/\/www.youtube.com\/channel\/UCglV4it-pBv1cOMe81cugkg"]}]}},"_links":{"self":[{"href":"https:\/\/www.LEDclusive.de\/blog\/wp-json\/wp\/v2\/pages\/18230","targetHints":{"allow":["GET"]}}],"collection":[{"href":"https:\/\/www.LEDclusive.de\/blog\/wp-json\/wp\/v2\/pages"}],"about":[{"href":"https:\/\/www.LEDclusive.de\/blog\/wp-json\/wp\/v2\/types\/page"}],"author":[{"embeddable":true,"href":"https:\/\/www.LEDclusive.de\/blog\/wp-json\/wp\/v2\/users\/2"}],"replies":[{"embeddable":true,"href":"https:\/\/www.LEDclusive.de\/blog\/wp-json\/wp\/v2\/comments?post=18230"}],"version-history":[{"count":27,"href":"https:\/\/www.LEDclusive.de\/blog\/wp-json\/wp\/v2\/pages\/18230\/revisions"}],"predecessor-version":[{"id":20154,"href":"https:\/\/www.LEDclusive.de\/blog\/wp-json\/wp\/v2\/pages\/18230\/revisions\/20154"}],"wp:attachment":[{"href":"https:\/\/www.LEDclusive.de\/blog\/wp-json\/wp\/v2\/media?parent=18230"}],"curies":[{"name":"wp","href":"https:\/\/api.w.org\/{rel}","templated":true}]}}