{"id":19493,"date":"2021-04-21T14:08:41","date_gmt":"2021-04-21T12:08:41","guid":{"rendered":"https:\/\/www.ledclusive.de\/blog\/?page_id=19493"},"modified":"2022-02-08T17:50:01","modified_gmt":"2022-02-08T15:50:01","slug":"unterstuetzung-in-led-projekten","status":"publish","type":"page","link":"https:\/\/www.LEDclusive.de\/blog\/unterstuetzung-in-led-projekten\/","title":{"rendered":"Wir unterst\u00fctzen dich in deinen LED-Projekten"},"content":{"rendered":"\n<div class=\"wp-block-columns is-layout-flex wp-container-core-columns-is-layout-9d6595d7 wp-block-columns-is-layout-flex\">\n<div class=\"wp-block-column is-layout-flow wp-block-column-is-layout-flow\">\n<figure id=\"attachment_19963\" aria-describedby=\"caption-attachment-19963\" style=\"width: 300px\" class=\"wp-caption alignright\"><img loading=\"lazy\" decoding=\"async\" class=\"size-medium wp-image-19963\" src=\"https:\/\/www.LEDclusive.de\/blog\/wp-content\/uploads\/2022\/02\/question-mark-gebf4cbe18_1920-300x200.jpg\" alt=\"LED Fragen\" width=\"300\" height=\"200\" srcset=\"https:\/\/www.ledclusive.de\/blog\/wp-content\/uploads\/2022\/02\/question-mark-gebf4cbe18_1920-300x200.jpg 300w, https:\/\/www.ledclusive.de\/blog\/wp-content\/uploads\/2022\/02\/question-mark-gebf4cbe18_1920-800x533.jpg 800w, https:\/\/www.ledclusive.de\/blog\/wp-content\/uploads\/2022\/02\/question-mark-gebf4cbe18_1920-768x512.jpg 768w, https:\/\/www.ledclusive.de\/blog\/wp-content\/uploads\/2022\/02\/question-mark-gebf4cbe18_1920-1536x1024.jpg 1536w, https:\/\/www.ledclusive.de\/blog\/wp-content\/uploads\/2022\/02\/question-mark-gebf4cbe18_1920-930x620.jpg 930w, https:\/\/www.ledclusive.de\/blog\/wp-content\/uploads\/2022\/02\/question-mark-gebf4cbe18_1920.jpg 1920w\" sizes=\"auto, (max-width: 300px) 100vw, 300px\" \/><figcaption id=\"caption-attachment-19963\" class=\"wp-caption-text\">Fragen \u00fcber Fragen zu LED<\/figcaption><\/figure>\n<p>H\u00e4ufig werden wir kontaktiert und um Mithilfe bei LED-Projekten gebeten. Selbstverst\u00e4ndlich machen wir das gerne und freuen uns, wenn wir erg\u00e4nzend zu unserer Beratung auch mit unseren Produkten aus unserem LED-Shop helfen k\u00f6nnen.<\/p>\n<p><img loading=\"lazy\" decoding=\"async\" class=\"wp-image-19966 size-thumbnail alignleft\" src=\"https:\/\/www.LEDclusive.de\/blog\/wp-content\/uploads\/2022\/02\/question-g148a7cdb7_1920-150x150.jpg\" alt=\"\" width=\"150\" height=\"150\" srcset=\"https:\/\/www.ledclusive.de\/blog\/wp-content\/uploads\/2022\/02\/question-g148a7cdb7_1920-150x150.jpg 150w, https:\/\/www.ledclusive.de\/blog\/wp-content\/uploads\/2022\/02\/question-g148a7cdb7_1920-300x300.jpg 300w, https:\/\/www.ledclusive.de\/blog\/wp-content\/uploads\/2022\/02\/question-g148a7cdb7_1920-800x800.jpg 800w, https:\/\/www.ledclusive.de\/blog\/wp-content\/uploads\/2022\/02\/question-g148a7cdb7_1920-768x768.jpg 768w, https:\/\/www.ledclusive.de\/blog\/wp-content\/uploads\/2022\/02\/question-g148a7cdb7_1920-1536x1536.jpg 1536w, https:\/\/www.ledclusive.de\/blog\/wp-content\/uploads\/2022\/02\/question-g148a7cdb7_1920.jpg 1920w\" sizes=\"auto, (max-width: 150px) 100vw, 150px\" \/>Meist findet die Beratung effektiv via email statt, doch h\u00e4ufig sind R\u00fcckfragen erforderlich.<br \/>Diese nachstehende Checkliste soll helfen die Beratung zu strukturieren, um auch so f\u00fcr beide Seiten keine Aspekte zu \u00fcbersehen.<\/p>\n<p>Wir haben f\u00fcr verschiedene Themengebiete sog. Projektfrage-Formulare vorbereitet.<br \/>In wenigen Minuten sind diese ausgef\u00fcllt.<br \/><strong>W\u00e4hle jetzt dein LED-Thema aus nachstehender \u00dcbersicht:<\/strong><\/p>\n<\/div>\n<\/div>\n\n\n\n<hr class=\"wp-block-separator\"\/>\n\n\n\n<div class=\"wp-block-columns is-layout-flex wp-container-core-columns-is-layout-9d6595d7 wp-block-columns-is-layout-flex\">\n<div class=\"wp-block-column is-layout-flow wp-block-column-is-layout-flow\">\n<h2><a href=\"https:\/\/www.ledclusive.de\/blog\/faq-led-leisten-projektierung\/\">Unterst\u00fctzung und Beratung bei der Auswahl von LED-Leisten\/LED-Stripes<\/a><\/h2>\n<p><a href=\"https:\/\/www.ledclusive.de\/blog\/faq-led-leisten-projektierung\/\"><img loading=\"lazy\" decoding=\"async\" class=\"alignleft wp-image-19500 size-thumbnail\" src=\"https:\/\/www.LEDclusive.de\/blog\/wp-content\/uploads\/2021\/04\/IMG-20201215-WA0021-zuschnitt-150x150.jpg\" alt=\"Voutenbeleuchtung\" width=\"150\" height=\"150\"><\/a>Du planst ein Lichtprojekt mit <a class=\"glossaryLink\" href=\"https:\/\/www.ledclusive.de\/blog\/glossar\/led\/\" target=\"_self\" aria-describedby=\"tt\" data-cmtooltip=\"6bb27fcfe3c60551bac2f539cb11a8f4\" data-gt-translate-attributes=\"[{&quot;attribute&quot;:&quot;data-cmtooltip&quot;, &quot;format&quot;:&quot;html&quot;}]\" data-wpel-link=\"internal\" rel=\"noopener\">LED<\/a>-Leisten\/LED-Streifen und bist \u00fcber die Vielzahl der M\u00f6glichkeiten und Auswahl \u00fcberrascht.<br>Diese Seite und wir helfen dir dabei.<\/p>\n<p>Im Shop bieten wir eine Vielzahl an <a href=\"https:\/\/www.ledclusive.de\/led-leisten-174\" target=\"_self\" rel=\"noopener\" data-wpel-link=\"internal\">LED-Leisten<\/a> (meist auch <a class=\"glossaryLink\" href=\"https:\/\/www.ledclusive.de\/blog\/glossar\/led\/\" target=\"_self\" rel=\"noopener\" aria-describedby=\"tt\" data-cmtooltip=\"6bb27fcfe3c60551bac2f539cb11a8f4\" data-gt-translate-attributes=\"[{&quot;attribute&quot;:&quot;data-cmtooltip&quot;, &quot;format&quot;:&quot;html&quot;}]\" data-wpel-link=\"internal\">LED<\/a>-Stripes, LED-Streifen oder Lichtb\u00e4nder bezeichnet). <br>Die Fragen unserer Kunden sind meist:<\/p>\n<p>Welche L\u00e4ngen sind m\u00f6glich? Wie hell? Wann brauch ich K\u00fchlung? Welches Netzteil und wie kann ich dimmen?<\/p>\n<\/div>\n<\/div>\n\n\n\n<hr class=\"wp-block-separator\"\/>\n\n\n\n<h2><a href=\"https:\/\/www.ledclusive.de\/blog\/decken-einbauspots-faq\/\">Unterst\u00fctzung und Beratung bei der Auswahl von Deckeneinbauspots\/Downlights<\/a><\/h2>\n<p><a href=\"https:\/\/www.ledclusive.de\/blog\/decken-einbauspots-faq\/\"><img loading=\"lazy\" decoding=\"async\" class=\"alignleft wp-image-19950 size-full\" src=\"https:\/\/www.LEDclusive.de\/blog\/wp-content\/uploads\/2022\/02\/LED-Downlights-Einbauleuchten.jpg\" alt=\"\" width=\"260\" height=\"160\"><\/a>Du suchst die richtigen Deckeneinbauspots\/-leuchten und ben\u00f6tigst Unterst\u00fctzung. <br>Diese Seite und wir helfen dir dabei.<\/p>\n<p>Im Shop bieten wir eine Vielzahl von <a href=\"https:\/\/www.ledclusive.de\/led-downlights-292\" target=\"_self\" rel=\"noopener\" data-wpel-link=\"internal\">LED-Downlights<\/a> (meist als <a class=\"glossaryLink\" href=\"https:\/\/www.ledclusive.de\/blog\/glossar\/led\/\" target=\"_self\" aria-describedby=\"tt\" data-cmtooltip=\"6bb27fcfe3c60551bac2f539cb11a8f4\" data-gt-translate-attributes=\"[{&quot;attribute&quot;:&quot;data-cmtooltip&quot;, &quot;format&quot;:&quot;html&quot;}]\" data-wpel-link=\"internal\" rel=\"noopener\">LED<\/a>-Deckeneinbauspots verstanden). <br>Die Fragen unserer Kunden sind meist:<\/p>\n<p>Welches Spots?, wieviele Spots?, wie dimmen?, etc.<\/p>\n<p>&nbsp;<\/p>\n","protected":false},"excerpt":{"rendered":"<p>H\u00e4ufig werden wir kontaktiert und um Mithilfe bei LED-Projekten gebeten. Selbstverst\u00e4ndlich machen wir das gerne und freuen uns, wenn wir erg\u00e4nzend zu unserer Beratung auch mit unseren Produkten aus unserem LED-Shop helfen k\u00f6nnen. Meist findet die Beratung effektiv via email statt, doch h\u00e4ufig sind R\u00fcckfragen erforderlich.Diese nachstehende Checkliste soll helfen die Beratung zu strukturieren, um&hellip;&nbsp;<a href=\"https:\/\/www.LEDclusive.de\/blog\/unterstuetzung-in-led-projekten\/\" rel=\"bookmark\">Weiterlesen &raquo;<span class=\"screen-reader-text\">Wir unterst\u00fctzen dich in deinen LED-Projekten<\/span><\/a><\/p>\n","protected":false},"author":1,"featured_media":19963,"parent":0,"menu_order":0,"comment_status":"closed","ping_status":"closed","template":"","meta":{"neve_meta_sidebar":"full-width","neve_meta_container":"","neve_meta_enable_content_width":"on","neve_meta_content_width":100,"neve_meta_title_alignment":"","neve_meta_author_avatar":"","neve_post_elements_order":"","neve_meta_disable_header":"","neve_meta_disable_footer":"","neve_meta_disable_title":"","cybocfi_hide_featured_image":"yes","iawp_total_views":6,"footnotes":"","_links_to":"","_links_to_target":""},"class_list":["post-19493","page","type-page","status-publish","has-post-thumbnail","hentry"],"yoast_head":"<!-- This site is optimized with the Yoast SEO plugin v27.4 - https:\/\/yoast.com\/product\/yoast-seo-wordpress\/ -->\n<title>Wir unterst\u00fctzen dich in deinen LED-Projekten<\/title>\n<meta name=\"description\" content=\"H\u00e4ufig werden wir kontaktiert und um Mithilfe bei LED-Projekten gebeten. Selbstverst\u00e4ndlich machen wir das gerne und freuen uns, wenn wir erg\u00e4nzend zu\" \/>\n<meta name=\"robots\" content=\"index, follow, max-snippet:-1, max-image-preview:large, max-video-preview:-1\" \/>\n<link rel=\"canonical\" href=\"https:\/\/www.LEDclusive.de\/blog\/unterstuetzung-in-led-projekten\/\" \/>\n<meta property=\"og:locale\" content=\"de_DE\" \/>\n<meta property=\"og:type\" content=\"article\" \/>\n<meta property=\"og:title\" content=\"Wir unterst\u00fctzen dich in deinen LED-Projekten\" \/>\n<meta property=\"og:description\" content=\"H\u00e4ufig werden wir kontaktiert und um Mithilfe bei LED-Projekten gebeten. Selbstverst\u00e4ndlich machen wir das gerne und freuen uns, wenn wir erg\u00e4nzend zu\" \/>\n<meta property=\"og:url\" content=\"https:\/\/www.LEDclusive.de\/blog\/unterstuetzung-in-led-projekten\/\" \/>\n<meta property=\"og:site_name\" content=\"LED Blog zum LED Fachhandel\" \/>\n<meta property=\"article:publisher\" content=\"https:\/\/www.facebook.com\/led.shop.LEDclusive\/\" \/>\n<meta property=\"article:modified_time\" content=\"2022-02-08T15:50:01+00:00\" \/>\n<meta property=\"og:image\" content=\"https:\/\/www.ledclusive.de\/blog\/wp-content\/uploads\/2022\/02\/question-mark-gebf4cbe18_1920.jpg\" \/>\n\t<meta property=\"og:image:width\" content=\"1920\" \/>\n\t<meta property=\"og:image:height\" content=\"1280\" \/>\n\t<meta property=\"og:image:type\" content=\"image\/jpeg\" \/>\n<meta name=\"twitter:card\" content=\"summary_large_image\" \/>\n<meta name=\"twitter:site\" content=\"@LED_Profi\" \/>\n<meta name=\"twitter:label1\" content=\"Gesch\u00e4tzte Lesezeit\" \/>\n\t<meta name=\"twitter:data1\" content=\"3\u00a0Minuten\" \/>\n<script type=\"application\/ld+json\" class=\"yoast-schema-graph\">{\"@context\":\"https:\\\/\\\/schema.org\",\"@graph\":[{\"@type\":\"WebPage\",\"@id\":\"https:\\\/\\\/www.LEDclusive.de\\\/blog\\\/unterstuetzung-in-led-projekten\\\/\",\"url\":\"https:\\\/\\\/www.LEDclusive.de\\\/blog\\\/unterstuetzung-in-led-projekten\\\/\",\"name\":\"Wir unterst\u00fctzen dich in deinen LED-Projekten\",\"isPartOf\":{\"@id\":\"https:\\\/\\\/www.LEDclusive.de\\\/blog\\\/#website\"},\"primaryImageOfPage\":{\"@id\":\"https:\\\/\\\/www.LEDclusive.de\\\/blog\\\/unterstuetzung-in-led-projekten\\\/#primaryimage\"},\"image\":{\"@id\":\"https:\\\/\\\/www.LEDclusive.de\\\/blog\\\/unterstuetzung-in-led-projekten\\\/#primaryimage\"},\"thumbnailUrl\":\"https:\\\/\\\/www.ledclusive.de\\\/blog\\\/wp-content\\\/uploads\\\/2022\\\/02\\\/question-mark-gebf4cbe18_1920.jpg\",\"datePublished\":\"2021-04-21T12:08:41+00:00\",\"dateModified\":\"2022-02-08T15:50:01+00:00\",\"description\":\"H\u00e4ufig werden wir kontaktiert und um Mithilfe bei LED-Projekten gebeten. Selbstverst\u00e4ndlich machen wir das gerne und freuen uns, wenn wir erg\u00e4nzend zu\",\"breadcrumb\":{\"@id\":\"https:\\\/\\\/www.LEDclusive.de\\\/blog\\\/unterstuetzung-in-led-projekten\\\/#breadcrumb\"},\"inLanguage\":\"de\",\"potentialAction\":[{\"@type\":\"ReadAction\",\"target\":[\"https:\\\/\\\/www.LEDclusive.de\\\/blog\\\/unterstuetzung-in-led-projekten\\\/\"]}]},{\"@type\":\"BreadcrumbList\",\"@id\":\"https:\\\/\\\/www.LEDclusive.de\\\/blog\\\/unterstuetzung-in-led-projekten\\\/#breadcrumb\",\"itemListElement\":[{\"@type\":\"ListItem\",\"position\":1,\"name\":\"Startseite\",\"item\":\"https:\\\/\\\/www.LEDclusive.de\\\/blog\\\/\"},{\"@type\":\"ListItem\",\"position\":2,\"name\":\"Wir unterst\u00fctzen dich in deinen LED-Projekten\"}]},{\"@type\":\"WebSite\",\"@id\":\"https:\\\/\\\/www.LEDclusive.de\\\/blog\\\/#website\",\"url\":\"https:\\\/\\\/www.LEDclusive.de\\\/blog\\\/\",\"name\":\"LED Blog zum LED Fachhandel\",\"description\":\"Fachbeitr\u00e4ge rund um LED Produkte - F\u00fcr Sie ausgesucht und getestet\",\"publisher\":{\"@id\":\"https:\\\/\\\/www.LEDclusive.de\\\/blog\\\/#organization\"},\"potentialAction\":[{\"@type\":\"SearchAction\",\"target\":{\"@type\":\"EntryPoint\",\"urlTemplate\":\"https:\\\/\\\/www.LEDclusive.de\\\/blog\\\/?s={search_term_string}\"},\"query-input\":{\"@type\":\"PropertyValueSpecification\",\"valueRequired\":true,\"valueName\":\"search_term_string\"}}],\"inLanguage\":\"de\"},{\"@type\":\"Organization\",\"@id\":\"https:\\\/\\\/www.LEDclusive.de\\\/blog\\\/#organization\",\"name\":\"LEDclusive.de\",\"alternateName\":\"LEDclusive.de - LED-Shop mit Know-How\",\"url\":\"https:\\\/\\\/www.LEDclusive.de\\\/blog\\\/\",\"logo\":{\"@type\":\"ImageObject\",\"inLanguage\":\"de\",\"@id\":\"https:\\\/\\\/www.LEDclusive.de\\\/blog\\\/#\\\/schema\\\/logo\\\/image\\\/\",\"url\":\"https:\\\/\\\/www.LEDclusive.de\\\/blog\\\/wp-content\\\/uploads\\\/2021\\\/01\\\/led-shop-logo.jpg\",\"contentUrl\":\"https:\\\/\\\/www.LEDclusive.de\\\/blog\\\/wp-content\\\/uploads\\\/2021\\\/01\\\/led-shop-logo.jpg\",\"width\":213,\"height\":52,\"caption\":\"LEDclusive.de\"},\"image\":{\"@id\":\"https:\\\/\\\/www.LEDclusive.de\\\/blog\\\/#\\\/schema\\\/logo\\\/image\\\/\"},\"sameAs\":[\"https:\\\/\\\/www.facebook.com\\\/led.shop.LEDclusive\\\/\",\"https:\\\/\\\/x.com\\\/LED_Profi\",\"https:\\\/\\\/www.linkedin.com\\\/company\\\/ledclusive.de\",\"https:\\\/\\\/www.youtube.com\\\/channel\\\/UCglV4it-pBv1cOMe81cugkg\"]}]}<\/script>\n<!-- \/ Yoast SEO plugin. -->","yoast_head_json":{"title":"Wir unterst\u00fctzen dich in deinen LED-Projekten","description":"H\u00e4ufig werden wir kontaktiert und um Mithilfe bei LED-Projekten gebeten. Selbstverst\u00e4ndlich machen wir das gerne und freuen uns, wenn wir erg\u00e4nzend zu","robots":{"index":"index","follow":"follow","max-snippet":"max-snippet:-1","max-image-preview":"max-image-preview:large","max-video-preview":"max-video-preview:-1"},"canonical":"https:\/\/www.LEDclusive.de\/blog\/unterstuetzung-in-led-projekten\/","og_locale":"de_DE","og_type":"article","og_title":"Wir unterst\u00fctzen dich in deinen LED-Projekten","og_description":"H\u00e4ufig werden wir kontaktiert und um Mithilfe bei LED-Projekten gebeten. Selbstverst\u00e4ndlich machen wir das gerne und freuen uns, wenn wir erg\u00e4nzend zu","og_url":"https:\/\/www.LEDclusive.de\/blog\/unterstuetzung-in-led-projekten\/","og_site_name":"LED Blog zum LED Fachhandel","article_publisher":"https:\/\/www.facebook.com\/led.shop.LEDclusive\/","article_modified_time":"2022-02-08T15:50:01+00:00","og_image":[{"width":1920,"height":1280,"url":"https:\/\/www.ledclusive.de\/blog\/wp-content\/uploads\/2022\/02\/question-mark-gebf4cbe18_1920.jpg","type":"image\/jpeg"}],"twitter_card":"summary_large_image","twitter_site":"@LED_Profi","twitter_misc":{"Gesch\u00e4tzte Lesezeit":"3\u00a0Minuten"},"schema":{"@context":"https:\/\/schema.org","@graph":[{"@type":"WebPage","@id":"https:\/\/www.LEDclusive.de\/blog\/unterstuetzung-in-led-projekten\/","url":"https:\/\/www.LEDclusive.de\/blog\/unterstuetzung-in-led-projekten\/","name":"Wir unterst\u00fctzen dich in deinen LED-Projekten","isPartOf":{"@id":"https:\/\/www.LEDclusive.de\/blog\/#website"},"primaryImageOfPage":{"@id":"https:\/\/www.LEDclusive.de\/blog\/unterstuetzung-in-led-projekten\/#primaryimage"},"image":{"@id":"https:\/\/www.LEDclusive.de\/blog\/unterstuetzung-in-led-projekten\/#primaryimage"},"thumbnailUrl":"https:\/\/www.ledclusive.de\/blog\/wp-content\/uploads\/2022\/02\/question-mark-gebf4cbe18_1920.jpg","datePublished":"2021-04-21T12:08:41+00:00","dateModified":"2022-02-08T15:50:01+00:00","description":"H\u00e4ufig werden wir kontaktiert und um Mithilfe bei LED-Projekten gebeten. Selbstverst\u00e4ndlich machen wir das gerne und freuen uns, wenn wir erg\u00e4nzend zu","breadcrumb":{"@id":"https:\/\/www.LEDclusive.de\/blog\/unterstuetzung-in-led-projekten\/#breadcrumb"},"inLanguage":"de","potentialAction":[{"@type":"ReadAction","target":["https:\/\/www.LEDclusive.de\/blog\/unterstuetzung-in-led-projekten\/"]}]},{"@type":"BreadcrumbList","@id":"https:\/\/www.LEDclusive.de\/blog\/unterstuetzung-in-led-projekten\/#breadcrumb","itemListElement":[{"@type":"ListItem","position":1,"name":"Startseite","item":"https:\/\/www.LEDclusive.de\/blog\/"},{"@type":"ListItem","position":2,"name":"Wir unterst\u00fctzen dich in deinen LED-Projekten"}]},{"@type":"WebSite","@id":"https:\/\/www.LEDclusive.de\/blog\/#website","url":"https:\/\/www.LEDclusive.de\/blog\/","name":"LED Blog zum LED Fachhandel","description":"Fachbeitr\u00e4ge rund um LED Produkte - F\u00fcr Sie ausgesucht und getestet","publisher":{"@id":"https:\/\/www.LEDclusive.de\/blog\/#organization"},"potentialAction":[{"@type":"SearchAction","target":{"@type":"EntryPoint","urlTemplate":"https:\/\/www.LEDclusive.de\/blog\/?s={search_term_string}"},"query-input":{"@type":"PropertyValueSpecification","valueRequired":true,"valueName":"search_term_string"}}],"inLanguage":"de"},{"@type":"Organization","@id":"https:\/\/www.LEDclusive.de\/blog\/#organization","name":"LEDclusive.de","alternateName":"LEDclusive.de - LED-Shop mit Know-How","url":"https:\/\/www.LEDclusive.de\/blog\/","logo":{"@type":"ImageObject","inLanguage":"de","@id":"https:\/\/www.LEDclusive.de\/blog\/#\/schema\/logo\/image\/","url":"https:\/\/www.LEDclusive.de\/blog\/wp-content\/uploads\/2021\/01\/led-shop-logo.jpg","contentUrl":"https:\/\/www.LEDclusive.de\/blog\/wp-content\/uploads\/2021\/01\/led-shop-logo.jpg","width":213,"height":52,"caption":"LEDclusive.de"},"image":{"@id":"https:\/\/www.LEDclusive.de\/blog\/#\/schema\/logo\/image\/"},"sameAs":["https:\/\/www.facebook.com\/led.shop.LEDclusive\/","https:\/\/x.com\/LED_Profi","https:\/\/www.linkedin.com\/company\/ledclusive.de","https:\/\/www.youtube.com\/channel\/UCglV4it-pBv1cOMe81cugkg"]}]}},"_links":{"self":[{"href":"https:\/\/www.LEDclusive.de\/blog\/wp-json\/wp\/v2\/pages\/19493","targetHints":{"allow":["GET"]}}],"collection":[{"href":"https:\/\/www.LEDclusive.de\/blog\/wp-json\/wp\/v2\/pages"}],"about":[{"href":"https:\/\/www.LEDclusive.de\/blog\/wp-json\/wp\/v2\/types\/page"}],"author":[{"embeddable":true,"href":"https:\/\/www.LEDclusive.de\/blog\/wp-json\/wp\/v2\/users\/1"}],"replies":[{"embeddable":true,"href":"https:\/\/www.LEDclusive.de\/blog\/wp-json\/wp\/v2\/comments?post=19493"}],"version-history":[{"count":18,"href":"https:\/\/www.LEDclusive.de\/blog\/wp-json\/wp\/v2\/pages\/19493\/revisions"}],"predecessor-version":[{"id":19993,"href":"https:\/\/www.LEDclusive.de\/blog\/wp-json\/wp\/v2\/pages\/19493\/revisions\/19993"}],"wp:featuredmedia":[{"embeddable":true,"href":"https:\/\/www.LEDclusive.de\/blog\/wp-json\/wp\/v2\/media\/19963"}],"wp:attachment":[{"href":"https:\/\/www.LEDclusive.de\/blog\/wp-json\/wp\/v2\/media?parent=19493"}],"curies":[{"name":"wp","href":"https:\/\/api.w.org\/{rel}","templated":true}]}}